{"id":2706,"date":"2022-08-27T17:45:44","date_gmt":"2022-08-27T17:45:44","guid":{"rendered":"https:\/\/www.banknotcu.com\/?post_type=product&#038;p=2706"},"modified":"2023-05-01T18:40:56","modified_gmt":"2023-05-01T18:40:56","slug":"sert-saydam-zarf-afis-muhafaza-kabi-a4-boy-297x210-mm-cep-boyutu-1-adet","status":"publish","type":"product","link":"https:\/\/www.banknotcu.com\/en\/magaza\/sert-saydam-zarf-afis-muhafaza-kabi-a4-boy-297x210-mm-cep-boyutu-1-adet\/","title":{"rendered":"Sert Saydam zarf, afi\u015f muhafaza kab\u0131, A4 boy, 297&#215;210 mm cep boyutu, 1 adet"},"content":{"rendered":"<p>1 adet A4 boyutunda Sert ve Saydam Plastik Zarf, geni\u015f taraf\u0131 a\u00e7\u0131k Ka\u011f\u0131t Para, Pul Blok, Efemera vb. Koruma ama\u00e7l\u0131 TC Kimlik, ehliyet, kredi kart\u0131, vb. evraklar\u0131n\u0131zda y\u0131pranmay\u0131 \u00f6nleyici Etiket, Uyar\u0131, \u0130lan, M\u00f6n\u00fc, Fiyat listesi koymaya elveri\u015fli<\/p>\n<p>10 De\u011fi\u015fik boyda, 2 farkl\u0131 yap\u0131da,<\/p>\n<div style=\"width: 654px;\" class=\"wp-video\"><video class=\"wp-video-shortcode\" id=\"video-2706-1\" width=\"654\" height=\"360\" preload=\"metadata\" controls=\"controls\"><source type=\"video\/mp4\" src=\"https:\/\/www.banknotcu.com\/wp-content\/uploads\/2022\/08\/1682962834714.mp4?_=1\" \/><a href=\"https:\/\/www.banknotcu.com\/wp-content\/uploads\/2022\/08\/1682962834714.mp4\">https:\/\/www.banknotcu.com\/wp-content\/uploads\/2022\/08\/1682962834714.mp4<\/a><\/video><\/div>\n","protected":false},"excerpt":{"rendered":"<p>1 adet A4 boyutunda Sert ve Saydam Plastik Zarf, geni\u015f taraf\u0131 a\u00e7\u0131k Ka\u011f\u0131t Para, Pul Blok, Efemera vb. Koruma ama\u00e7l\u0131 TC Kimlik, ehliyet, kredi kart\u0131, vb. evraklar\u0131n\u0131zda y\u0131pranmay\u0131 \u00f6nleyici Etiket, Uyar\u0131, \u0130lan, M\u00f6n\u00fc, Fiyat listesi koymaya elveri\u015fli 10 De\u011fi\u015fik boyda, 2 farkl\u0131 yap\u0131da,<\/p>\n","protected":false},"featured_media":2690,"comment_status":"open","ping_status":"closed","template":"","meta":[],"product_brand":[],"product_cat":[296],"product_tag":[],"class_list":{"0":"post-2706","1":"product","2":"type-product","3":"status-publish","4":"has-post-thumbnail","6":"product_cat-sert-pvc","8":"first","9":"instock","10":"taxable","11":"shipping-taxable","12":"purchasable","13":"product-type-simple"},"_links":{"self":[{"href":"https:\/\/www.banknotcu.com\/en\/wp-json\/wp\/v2\/product\/2706","targetHints":{"allow":["GET"]}}],"collection":[{"href":"https:\/\/www.banknotcu.com\/en\/wp-json\/wp\/v2\/product"}],"about":[{"href":"https:\/\/www.banknotcu.com\/en\/wp-json\/wp\/v2\/types\/product"}],"replies":[{"embeddable":true,"href":"https:\/\/www.banknotcu.com\/en\/wp-json\/wp\/v2\/comments?post=2706"}],"wp:featuredmedia":[{"embeddable":true,"href":"https:\/\/www.banknotcu.com\/en\/wp-json\/wp\/v2\/media\/2690"}],"wp:attachment":[{"href":"https:\/\/www.banknotcu.com\/en\/wp-json\/wp\/v2\/media?parent=2706"}],"wp:term":[{"taxonomy":"product_brand","embeddable":true,"href":"https:\/\/www.banknotcu.com\/en\/wp-json\/wp\/v2\/product_brand?post=2706"},{"taxonomy":"product_cat","embeddable":true,"href":"https:\/\/www.banknotcu.com\/en\/wp-json\/wp\/v2\/product_cat?post=2706"},{"taxonomy":"product_tag","embeddable":true,"href":"https:\/\/www.banknotcu.com\/en\/wp-json\/wp\/v2\/product_tag?post=2706"}],"curies":[{"name":"wp","href":"https:\/\/api.w.org\/{rel}","templated":true}]}}