{"id":2691,"date":"2022-08-20T17:11:45","date_gmt":"2022-08-20T17:11:45","guid":{"rendered":"http:\/\/www.banknotcu.com\/?post_type=product&#038;p=2691"},"modified":"2025-08-12T20:40:00","modified_gmt":"2025-08-12T17:40:00","slug":"munten-kapamasiz-madeni-para-klasoru-munten-kasetli-optima-foylere-uyar","status":"publish","type":"product","link":"https:\/\/www.banknotcu.com\/en\/magaza\/munten-kapamasiz-madeni-para-klasoru-munten-kasetli-optima-foylere-uyar\/","title":{"rendered":"KAPAMASIZ Madeni Para Klas\u00f6r\u00fc: MUNTEN, KASETL\u0130, Optima f\u00f6ylere uyar"},"content":{"rendered":"<p>BU \u00dcR\u00dcN KASETL\u0130 T\u0130PT\u0130R OR\u0130J\u0130NAL \u0130MPORTA MALIDIR!<\/p>\n<p>OPT\u0130MA F\u00d6YLERE DE UYAR !!!<\/p>\n<p>KASETS\u0130Z DAHA D\u00dc\u015e\u00dcK F\u0130YATLI MODEL\u0130 DE VARDIR<\/p>\n<p>MUNTEN Klas\u00f6r 24,0 x 27,5 cm. boyutlar\u0131ndad\u0131r, i\u00e7inde a\u015fa\u011f\u0131daki 5 yaprak ve 5 adet k\u0131rm\u0131z\u0131 seperat\u00f6rler vard\u0131r.<\/p>\n<p>F\u00f6y tipleri a\u015fa\u011f\u0131da g\u00f6sterilmi\u015ftir:<\/p>\n<p>1 adet \u00e7ekmeli 9 \u015feritli, 63 g\u00f6zl\u00fc yaprak<\/p>\n<p>1 adet \u00e7ekmeli 7 \u015feritli, 42 g\u00f6zl\u00fc yaprak<\/p>\n<p>1 adet \u00e7ekmeli 6 \u015feritli, 30 g\u00f6zl\u00fc yaprak<\/p>\n<p>1 adet \u00e7ekmeli 5 \u015feritli, 20 g\u00f6zl\u00fc yaprak<\/p>\n<p>1 adet \u00e7ekmeli 4 \u015feritli, 12 g\u00f6zl\u00fc yaprak<\/p>\n<p>MUNTEN klas\u00f6rlerde madeni paralar\u0131n\u0131z kapamas\u0131z olarak g\u00f6zlere yerle\u015ftirilip saklan\u0131r, sayfalar\u0131n\u0131z ve klas\u00f6r\u00fcn\u00fcz kapamal\u0131 sisteme g\u00f6re daha fazla say\u0131da para ald\u0131\u011f\u0131 i\u00e7in ekonomiktir.<\/p>\n<p>MUNTEN Kasetli Klas\u00f6rler stoklar\u0131m\u0131zda 5 renk olarak mevcuttur: Mavi, K\u0131rm\u0131z\u0131, Ye\u015fil, Kahve ve Siyah Sat\u0131n al\u0131rken istedi\u011finiz rengi belirtiniz. \u00a0 Renk tercihleriniz stoklar elverdi\u011fince kar\u015f\u0131lanacakt\u0131r. Bu klas\u00f6rde kullan\u0131labilecek yedek yapraklar\u0131m\u0131z da mevcuttur!<\/p>\n","protected":false},"excerpt":{"rendered":"<p>BU \u00dcR\u00dcN KASETL\u0130 T\u0130PT\u0130R OR\u0130J\u0130NAL \u0130MPORTA MALIDIR! OPT\u0130MA F\u00d6YLERE DE UYAR !!! KASETS\u0130Z DAHA D\u00dc\u015e\u00dcK F\u0130YATLI MODEL\u0130 DE VARDIR MUNTEN Klas\u00f6r 24,0 x 27,5 cm. boyutlar\u0131ndad\u0131r, i\u00e7inde a\u015fa\u011f\u0131daki 5 yaprak ve 5 adet k\u0131rm\u0131z\u0131 seperat\u00f6rler vard\u0131r. F\u00f6y tipleri a\u015fa\u011f\u0131da g\u00f6sterilmi\u015ftir: 1 adet \u00e7ekmeli 9 \u015feritli, 63 g\u00f6zl\u00fc yaprak 1 adet \u00e7ekmeli 7 \u015feritli, 42 g\u00f6zl\u00fc [&hellip;]<\/p>\n","protected":false},"featured_media":2692,"comment_status":"open","ping_status":"closed","template":"","meta":[],"product_brand":[],"product_cat":[163],"product_tag":[],"class_list":{"0":"post-2691","1":"product","2":"type-product","3":"status-publish","4":"has-post-thumbnail","6":"product_cat-importa-klasorler","8":"first","9":"instock","10":"taxable","11":"shipping-taxable","12":"purchasable","13":"product-type-simple"},"_links":{"self":[{"href":"https:\/\/www.banknotcu.com\/en\/wp-json\/wp\/v2\/product\/2691","targetHints":{"allow":["GET"]}}],"collection":[{"href":"https:\/\/www.banknotcu.com\/en\/wp-json\/wp\/v2\/product"}],"about":[{"href":"https:\/\/www.banknotcu.com\/en\/wp-json\/wp\/v2\/types\/product"}],"replies":[{"embeddable":true,"href":"https:\/\/www.banknotcu.com\/en\/wp-json\/wp\/v2\/comments?post=2691"}],"wp:featuredmedia":[{"embeddable":true,"href":"https:\/\/www.banknotcu.com\/en\/wp-json\/wp\/v2\/media\/2692"}],"wp:attachment":[{"href":"https:\/\/www.banknotcu.com\/en\/wp-json\/wp\/v2\/media?parent=2691"}],"wp:term":[{"taxonomy":"product_brand","embeddable":true,"href":"https:\/\/www.banknotcu.com\/en\/wp-json\/wp\/v2\/product_brand?post=2691"},{"taxonomy":"product_cat","embeddable":true,"href":"https:\/\/www.banknotcu.com\/en\/wp-json\/wp\/v2\/product_cat?post=2691"},{"taxonomy":"product_tag","embeddable":true,"href":"https:\/\/www.banknotcu.com\/en\/wp-json\/wp\/v2\/product_tag?post=2691"}],"curies":[{"name":"wp","href":"https:\/\/api.w.org\/{rel}","templated":true}]}}