{"id":2688,"date":"2022-08-20T17:03:43","date_gmt":"2022-08-20T17:03:43","guid":{"rendered":"https:\/\/www.banknotcu.com\/?post_type=product&#038;p=2688"},"modified":"2023-05-01T10:58:51","modified_gmt":"2023-05-01T10:58:51","slug":"kagit-para-efemera-icin-yerli-grande-3s-tipi-10-adet-siyah-foy-vega-marka","status":"publish","type":"product","link":"https:\/\/www.banknotcu.com\/en\/magaza\/kagit-para-efemera-icin-yerli-grande-3s-tipi-10-adet-siyah-foy-vega-marka\/","title":{"rendered":"Ka\u011f\u0131t Para \/ Efemera i\u00e7in, YERL\u0130 Grande 3S tipi 10 adet siyah f\u00f6y, VEGA marka"},"content":{"rendered":"<p>GRANDE Tipi \u015feffaf zarf \/ f\u00f6yler, VEGA Marka \u00a0 10 adet saklama f\u00f6y\u00fc \u00a0 \u00a0 3S\u00a0 i\u00e7in cep boyutlar\u0131: 216\u00a0mm en, 98\u00a0mm boy!<\/p>\n","protected":false},"excerpt":{"rendered":"<p>GRANDE Tipi \u015feffaf zarf \/ f\u00f6yler, VEGA Marka \u00a0 10 adet saklama f\u00f6y\u00fc \u00a0 \u00a0 3S\u00a0 i\u00e7in cep boyutlar\u0131: 216\u00a0mm en, 98\u00a0mm boy!<\/p>\n","protected":false},"featured_media":2658,"comment_status":"open","ping_status":"closed","template":"","meta":[],"product_brand":[],"product_cat":[264],"product_tag":[],"class_list":{"0":"post-2688","1":"product","2":"type-product","3":"status-publish","4":"has-post-thumbnail","6":"product_cat-yerli-klasor","8":"first","9":"instock","10":"taxable","11":"shipping-taxable","12":"purchasable","13":"product-type-simple"},"_links":{"self":[{"href":"https:\/\/www.banknotcu.com\/en\/wp-json\/wp\/v2\/product\/2688","targetHints":{"allow":["GET"]}}],"collection":[{"href":"https:\/\/www.banknotcu.com\/en\/wp-json\/wp\/v2\/product"}],"about":[{"href":"https:\/\/www.banknotcu.com\/en\/wp-json\/wp\/v2\/types\/product"}],"replies":[{"embeddable":true,"href":"https:\/\/www.banknotcu.com\/en\/wp-json\/wp\/v2\/comments?post=2688"}],"wp:featuredmedia":[{"embeddable":true,"href":"https:\/\/www.banknotcu.com\/en\/wp-json\/wp\/v2\/media\/2658"}],"wp:attachment":[{"href":"https:\/\/www.banknotcu.com\/en\/wp-json\/wp\/v2\/media?parent=2688"}],"wp:term":[{"taxonomy":"product_brand","embeddable":true,"href":"https:\/\/www.banknotcu.com\/en\/wp-json\/wp\/v2\/product_brand?post=2688"},{"taxonomy":"product_cat","embeddable":true,"href":"https:\/\/www.banknotcu.com\/en\/wp-json\/wp\/v2\/product_cat?post=2688"},{"taxonomy":"product_tag","embeddable":true,"href":"https:\/\/www.banknotcu.com\/en\/wp-json\/wp\/v2\/product_tag?post=2688"}],"curies":[{"name":"wp","href":"https:\/\/api.w.org\/{rel}","templated":true}]}}