{"id":2670,"date":"2022-08-20T16:42:25","date_gmt":"2022-08-20T16:42:25","guid":{"rendered":"https:\/\/www.banknotcu.com\/?post_type=product&#038;p=2670"},"modified":"2023-04-28T14:15:06","modified_gmt":"2023-04-28T14:15:06","slug":"sert-saydam-zarflar-afis-muhafaza-kabi-b7-boy-128x91-mm-cep-boyu-5-adet","status":"publish","type":"product","link":"https:\/\/www.banknotcu.com\/en\/magaza\/sert-saydam-zarflar-afis-muhafaza-kabi-b7-boy-128x91-mm-cep-boyu-5-adet\/","title":{"rendered":"Sert Saydam zarflar, afi\u015f muhafaza kab\u0131, B7 boy, 128&#215;91 mm cep boyu, 5 adet"},"content":{"rendered":"<p>Sert ve Saydam Plastik Zarflar, geni\u015f taraf\u0131 a\u00e7\u0131k Ka\u011f\u0131t Para, Pul Blok, Efemera vb. Koruma ama\u00e7l\u0131 TC Kimlik, ehliyet, kredi kart\u0131, vb. evraklar\u0131n\u0131zda y\u0131pranmay\u0131 \u00f6nleyici Etiket, Uyar\u0131, \u0130lan, M\u00f6n\u00fc, Fiyat listesi koymaya elveri\u015fli<\/p>\n<p><strong>DETAYLAR \u0130\u00c7\u0130N RES\u0130MLER KISMINDAK\u0130 TABLOYA BAKINIZ <\/strong><\/p>\n","protected":false},"excerpt":{"rendered":"<p>Sert ve Saydam Plastik Zarflar, geni\u015f taraf\u0131 a\u00e7\u0131k Ka\u011f\u0131t Para, Pul Blok, Efemera vb. Koruma ama\u00e7l\u0131 TC Kimlik, ehliyet, kredi kart\u0131, vb. evraklar\u0131n\u0131zda y\u0131pranmay\u0131 \u00f6nleyici Etiket, Uyar\u0131, \u0130lan, M\u00f6n\u00fc, Fiyat listesi koymaya elveri\u015fli DETAYLAR \u0130\u00c7\u0130N RES\u0130MLER KISMINDAK\u0130 TABLOYA BAKINIZ<\/p>\n","protected":false},"featured_media":2671,"comment_status":"open","ping_status":"closed","template":"","meta":[],"product_brand":[],"product_cat":[296],"product_tag":[],"class_list":{"0":"post-2670","1":"product","2":"type-product","3":"status-publish","4":"has-post-thumbnail","6":"product_cat-sert-pvc","8":"first","9":"instock","10":"taxable","11":"shipping-taxable","12":"purchasable","13":"product-type-simple"},"_links":{"self":[{"href":"https:\/\/www.banknotcu.com\/en\/wp-json\/wp\/v2\/product\/2670","targetHints":{"allow":["GET"]}}],"collection":[{"href":"https:\/\/www.banknotcu.com\/en\/wp-json\/wp\/v2\/product"}],"about":[{"href":"https:\/\/www.banknotcu.com\/en\/wp-json\/wp\/v2\/types\/product"}],"replies":[{"embeddable":true,"href":"https:\/\/www.banknotcu.com\/en\/wp-json\/wp\/v2\/comments?post=2670"}],"wp:featuredmedia":[{"embeddable":true,"href":"https:\/\/www.banknotcu.com\/en\/wp-json\/wp\/v2\/media\/2671"}],"wp:attachment":[{"href":"https:\/\/www.banknotcu.com\/en\/wp-json\/wp\/v2\/media?parent=2670"}],"wp:term":[{"taxonomy":"product_brand","embeddable":true,"href":"https:\/\/www.banknotcu.com\/en\/wp-json\/wp\/v2\/product_brand?post=2670"},{"taxonomy":"product_cat","embeddable":true,"href":"https:\/\/www.banknotcu.com\/en\/wp-json\/wp\/v2\/product_cat?post=2670"},{"taxonomy":"product_tag","embeddable":true,"href":"https:\/\/www.banknotcu.com\/en\/wp-json\/wp\/v2\/product_tag?post=2670"}],"curies":[{"name":"wp","href":"https:\/\/api.w.org\/{rel}","templated":true}]}}